{"id":2004,"date":"2025-03-02T16:08:56","date_gmt":"2025-03-02T15:08:56","guid":{"rendered":"https:\/\/footuriage.fr\/?page_id=2004"},"modified":"2026-03-23T22:55:06","modified_gmt":"2026-03-23T21:55:06","slug":"planning","status":"publish","type":"page","link":"https:\/\/footuriage.fr\/index.php\/planning\/","title":{"rendered":"Planning 2025-2026"},"content":{"rendered":"\t\t<div data-elementor-type=\"wp-page\" data-elementor-id=\"2004\" class=\"elementor elementor-2004\" data-elementor-settings=\"[]\">\n\t\t\t\t\t\t\t<div class=\"elementor-section-wrap\">\n\t\t\t\t\t\t\t<section class=\"elementor-section elementor-top-section elementor-element elementor-element-e16c64a elementor-section-boxed elementor-section-height-default elementor-section-height-default\" data-id=\"e16c64a\" data-element_type=\"section\">\n\t\t\t\t\t\t<div class=\"elementor-container elementor-column-gap-default\">\n\t\t\t\t\t<div class=\"elementor-column elementor-col-100 elementor-top-column elementor-element elementor-element-799e4b3\" data-id=\"799e4b3\" data-element_type=\"column\">\n\t\t\t<div class=\"elementor-widget-wrap elementor-element-populated\">\n\t\t\t\t\t\t\t\t<div class=\"elementor-element elementor-element-d11dfcb elementor-widget elementor-widget-text-editor\" data-id=\"d11dfcb\" data-element_type=\"widget\" data-widget_type=\"text-editor.default\">\n\t\t\t\t<div class=\"elementor-widget-container\">\n\t\t\t\t\t\t\t<h1 style=\"text-align: center;\">Le Planning<\/h1>\t\t\t\t\t\t<\/div>\n\t\t\t\t<\/div>\n\t\t\t\t\t<\/div>\n\t\t<\/div>\n\t\t\t\t\t\t\t<\/div>\n\t\t<\/section>\n\t\t\t\t<section class=\"elementor-section elementor-top-section elementor-element elementor-element-4ea216b8 elementor-section-boxed elementor-section-height-default elementor-section-height-default\" data-id=\"4ea216b8\" data-element_type=\"section\">\n\t\t\t\t\t\t<div class=\"elementor-container elementor-column-gap-default\">\n\t\t\t\t\t<div class=\"elementor-column elementor-col-100 elementor-top-column elementor-element elementor-element-29dcf2db\" data-id=\"29dcf2db\" data-element_type=\"column\">\n\t\t\t<div class=\"elementor-widget-wrap elementor-element-populated\">\n\t\t\t\t\t\t\t\t<div class=\"elementor-element elementor-element-39706365 elementor-widget elementor-widget-text-editor\" data-id=\"39706365\" data-element_type=\"widget\" data-widget_type=\"text-editor.default\">\n\t\t\t\t<div class=\"elementor-widget-container\">\n\t\t\t\t\t\t\t<p style=\"text-align: center;\">Retrouvez ci-dessous le planning des matchs pour le week-end \u00e0 venir.<br \/>N&#8217;h\u00e9sitez pas \u00e0 venir encourager les joueurs au bord des terrains, cela leur donnera de l&#8217;entrain !<br \/>Pour les matchs des jeunes joueurs, les g\u00e2teaux faits maison, quiches ou pizzas, sont toujours les bienvenus.<br \/>Merci \u00e0 tous pour votre participation \u00e0 la vie du club.<\/p>\t\t\t\t\t\t<\/div>\n\t\t\t\t<\/div>\n\t\t\t\t\t<\/div>\n\t\t<\/div>\n\t\t\t\t\t\t\t<\/div>\n\t\t<\/section>\n\t\t\t\t<section class=\"elementor-section elementor-top-section elementor-element elementor-element-9cd3a00 elementor-section-boxed elementor-section-height-default elementor-section-height-default\" data-id=\"9cd3a00\" data-element_type=\"section\">\n\t\t\t\t\t\t<div class=\"elementor-container elementor-column-gap-default\">\n\t\t\t\t\t<div class=\"elementor-column elementor-col-100 elementor-top-column elementor-element elementor-element-3d16860\" data-id=\"3d16860\" data-element_type=\"column\">\n\t\t\t<div class=\"elementor-widget-wrap elementor-element-populated\">\n\t\t\t\t\t\t\t\t<div class=\"elementor-element elementor-element-cb906e1 elementor-widget elementor-widget-image\" data-id=\"cb906e1\" data-element_type=\"widget\" data-widget_type=\"image.default\">\n\t\t\t\t<div class=\"elementor-widget-container\">\n\t\t\t\t\t\t\t\t\t\t\t\t\t\t\t\t<a href=\"http:\/\/footuriage.fr\/wp-content\/uploads\/2026\/03\/FCSMU_Planning_01-2.png\" data-elementor-open-lightbox=\"yes\" data-elementor-lightbox-title=\"FCSMU_Planning_01\">\n\t\t\t\t\t\t\t<img width=\"1484\" height=\"700\" src=\"https:\/\/footuriage.fr\/wp-content\/uploads\/2026\/03\/FCSMU_Planning_01-2.png\" class=\"attachment-full size-full\" alt=\"\" loading=\"lazy\" srcset=\"https:\/\/footuriage.fr\/wp-content\/uploads\/2026\/03\/FCSMU_Planning_01-2.png 1484w, https:\/\/footuriage.fr\/wp-content\/uploads\/2026\/03\/FCSMU_Planning_01-2-300x142.png 300w, https:\/\/footuriage.fr\/wp-content\/uploads\/2026\/03\/FCSMU_Planning_01-2-1024x483.png 1024w, https:\/\/footuriage.fr\/wp-content\/uploads\/2026\/03\/FCSMU_Planning_01-2-768x362.png 768w, https:\/\/footuriage.fr\/wp-content\/uploads\/2026\/03\/FCSMU_Planning_01-2-676x319.png 676w\" sizes=\"(max-width: 1484px) 100vw, 1484px\" \/>\t\t\t\t\t\t\t\t<\/a>\n\t\t\t\t\t\t\t\t\t\t\t\t\t\t\t<\/div>\n\t\t\t\t<\/div>\n\t\t\t\t\t<\/div>\n\t\t<\/div>\n\t\t\t\t\t\t\t<\/div>\n\t\t<\/section>\n\t\t\t\t\t\t<\/div>\n\t\t\t\t\t<\/div>\n\t\t","protected":false},"excerpt":{"rendered":"<p>Le Planning Retrouvez ci-dessous le planning des matchs pour le week-end \u00e0 venir.N&#8217;h\u00e9sitez pas \u00e0 venir encourager les joueurs au bord des terrains, cela leur donnera de l&#8217;entrain !Pour les matchs des jeunes joueurs, les g\u00e2teaux faits maison, quiches ou pizzas, sont toujours les bienvenus.Merci \u00e0 tous pour votre participation \u00e0 la vie du club.<\/p>\n","protected":false},"author":1,"featured_media":0,"parent":0,"menu_order":0,"comment_status":"closed","ping_status":"closed","template":"elementor_header_footer","meta":[],"_links":{"self":[{"href":"https:\/\/footuriage.fr\/index.php\/wp-json\/wp\/v2\/pages\/2004"}],"collection":[{"href":"https:\/\/footuriage.fr\/index.php\/wp-json\/wp\/v2\/pages"}],"about":[{"href":"https:\/\/footuriage.fr\/index.php\/wp-json\/wp\/v2\/types\/page"}],"author":[{"embeddable":true,"href":"https:\/\/footuriage.fr\/index.php\/wp-json\/wp\/v2\/users\/1"}],"replies":[{"embeddable":true,"href":"https:\/\/footuriage.fr\/index.php\/wp-json\/wp\/v2\/comments?post=2004"}],"version-history":[{"count":116,"href":"https:\/\/footuriage.fr\/index.php\/wp-json\/wp\/v2\/pages\/2004\/revisions"}],"predecessor-version":[{"id":3872,"href":"https:\/\/footuriage.fr\/index.php\/wp-json\/wp\/v2\/pages\/2004\/revisions\/3872"}],"wp:attachment":[{"href":"https:\/\/footuriage.fr\/index.php\/wp-json\/wp\/v2\/media?parent=2004"}],"curies":[{"name":"wp","href":"https:\/\/api.w.org\/{rel}","templated":true}]}}